{"id":26740,"date":"2022-02-04T07:20:04","date_gmt":"2022-02-04T07:20:04","guid":{"rendered":"https:\/\/reservas-regala.barahonda.com\/contact\/"},"modified":"2024-09-03T14:10:57","modified_gmt":"2024-09-03T12:10:57","slug":"contact","status":"publish","type":"page","link":"https:\/\/reservas-regala.barahonda.com\/en\/contact\/","title":{"rendered":"CONTACT"},"content":{"rendered":"\t\t<div data-elementor-type=\"wp-page\" data-elementor-id=\"26740\" class=\"elementor elementor-26740 elementor-123\" data-elementor-post-type=\"page\">\n\t\t\t\t\t\t<section class=\"elementor-section elementor-top-section elementor-element elementor-element-70033e8f elementor-section-full_width elementor-section-height-min-height elementor-section-height-default elementor-section-items-middle\" data-id=\"70033e8f\" data-element_type=\"section\" data-settings=\"{&quot;background_background&quot;:&quot;classic&quot;}\">\n\t\t\t\t\t\t\t<div class=\"elementor-background-overlay\"><\/div>\n\t\t\t\t\t\t\t<div class=\"elementor-container elementor-column-gap-default\">\n\t\t\t\t\t<div class=\"elementor-column elementor-col-100 elementor-top-column elementor-element elementor-element-7e57fdc6\" data-id=\"7e57fdc6\" data-element_type=\"column\">\n\t\t\t<div class=\"elementor-widget-wrap elementor-element-populated\">\n\t\t\t\t\t\t<section class=\"elementor-section elementor-inner-section elementor-element elementor-element-64e820a1 elementor-section-boxed elementor-section-height-default elementor-section-height-default\" data-id=\"64e820a1\" data-element_type=\"section\">\n\t\t\t\t\t\t<div class=\"elementor-container elementor-column-gap-default\">\n\t\t\t\t\t<div class=\"elementor-column elementor-col-100 elementor-inner-column elementor-element elementor-element-5dba9f07\" data-id=\"5dba9f07\" data-element_type=\"column\">\n\t\t\t<div class=\"elementor-widget-wrap elementor-element-populated\">\n\t\t\t\t\t\t<div class=\"elementor-element elementor-element-5be33df9 elementor-widget elementor-widget-heading\" data-id=\"5be33df9\" data-element_type=\"widget\" data-widget_type=\"heading.default\">\n\t\t\t\t<div class=\"elementor-widget-container\">\n\t\t\t\t\t<h2 class=\"elementor-heading-title elementor-size-default\">contact.<\/h2>\t\t\t\t<\/div>\n\t\t\t\t<\/div>\n\t\t\t\t\t<\/div>\n\t\t<\/div>\n\t\t\t\t\t<\/div>\n\t\t<\/section>\n\t\t\t\t<section class=\"elementor-section elementor-inner-section elementor-element elementor-element-7f83125 elementor-section-boxed elementor-section-height-default elementor-section-height-default\" data-id=\"7f83125\" data-element_type=\"section\" data-settings=\"{&quot;background_background&quot;:&quot;classic&quot;}\">\n\t\t\t\t\t\t\t<div class=\"elementor-background-overlay\"><\/div>\n\t\t\t\t\t\t\t<div class=\"elementor-container elementor-column-gap-default\">\n\t\t\t\t\t<div class=\"elementor-column elementor-col-50 elementor-inner-column elementor-element elementor-element-194fef2\" data-id=\"194fef2\" data-element_type=\"column\" data-settings=\"{&quot;background_background&quot;:&quot;classic&quot;}\">\n\t\t\t<div class=\"elementor-widget-wrap elementor-element-populated\">\n\t\t\t\t\t<div class=\"elementor-background-overlay\"><\/div>\n\t\t\t\t\t\t<div class=\"elementor-element elementor-element-504470a elementor-widget elementor-widget-heading\" data-id=\"504470a\" data-element_type=\"widget\" data-widget_type=\"heading.default\">\n\t\t\t\t<div class=\"elementor-widget-container\">\n\t\t\t\t\t<h2 class=\"elementor-heading-title elementor-size-default\">\u00a1Hello!<\/h2>\t\t\t\t<\/div>\n\t\t\t\t<\/div>\n\t\t\t\t<div class=\"elementor-element elementor-element-eb950c8 elementor-widget elementor-widget-text-editor\" data-id=\"eb950c8\" data-element_type=\"widget\" data-widget_type=\"text-editor.default\">\n\t\t\t\t<div class=\"elementor-widget-container\">\n\t\t\t\t\t\t\t\t\t<p>We are happy to help you, you can call us at <strong>968 71 86 96<\/strong>, write to us at <strong>info@barahonda.helloseosem.es<\/strong> or fill out this form. We will contact you as soon as possible:<\/p>\t\t\t\t\t\t\t\t<\/div>\n\t\t\t\t<\/div>\n\t\t\t\t<div class=\"elementor-element elementor-element-bf99d12 elementor-button-align-stretch elementor-widget elementor-widget-form\" data-id=\"bf99d12\" data-element_type=\"widget\" data-settings=\"{&quot;button_width&quot;:&quot;25&quot;,&quot;step_type&quot;:&quot;number_text&quot;,&quot;step_icon_shape&quot;:&quot;circle&quot;}\" data-widget_type=\"form.default\">\n\t\t\t\t<div class=\"elementor-widget-container\">\n\t\t\t\t\t\t\t<form class=\"elementor-form\" method=\"post\" name=\"New Form\">\n\t\t\t<input type=\"hidden\" name=\"post_id\" value=\"26740\"\/>\n\t\t\t<input type=\"hidden\" name=\"form_id\" value=\"bf99d12\"\/>\n\t\t\t<input type=\"hidden\" name=\"referer_title\" value=\"Barahonda\" \/>\n\n\t\t\t\n\t\t\t<div class=\"elementor-form-fields-wrapper elementor-labels-above\">\n\t\t\t\t\t\t\t\t<div class=\"elementor-field-type-text elementor-field-group elementor-column elementor-field-group-name elementor-col-100 elementor-field-required elementor-mark-required\">\n\t\t\t\t\t\t\t\t\t\t\t\t\t<input size=\"1\" type=\"text\" name=\"form_fields[name]\" id=\"form-field-name\" class=\"elementor-field elementor-size-xs  elementor-field-textual\" placeholder=\"Name*\" required=\"required\" aria-required=\"true\">\n\t\t\t\t\t\t\t\t\t\t\t<\/div>\n\t\t\t\t\t\t\t\t<div class=\"elementor-field-type-email elementor-field-group elementor-column elementor-field-group-email elementor-col-100 elementor-field-required elementor-mark-required\">\n\t\t\t\t\t\t\t\t\t\t\t\t\t<input size=\"1\" type=\"email\" name=\"form_fields[email]\" id=\"form-field-email\" class=\"elementor-field elementor-size-xs  elementor-field-textual\" placeholder=\"E-mail*\" required=\"required\" aria-required=\"true\">\n\t\t\t\t\t\t\t\t\t\t\t<\/div>\n\t\t\t\t\t\t\t\t<div class=\"elementor-field-type-tel elementor-field-group elementor-column elementor-field-group-field_c9bf997 elementor-col-100 elementor-field-required elementor-mark-required\">\n\t\t\t\t\t\t\t<input size=\"1\" type=\"tel\" name=\"form_fields[field_c9bf997]\" id=\"form-field-field_c9bf997\" class=\"elementor-field elementor-size-xs  elementor-field-textual\" placeholder=\"Phone*\" required=\"required\" aria-required=\"true\" pattern=\"[0-9()#&amp;+*-=.]+\" title=\"Only numbers and phone characters (#, -, *, etc) are accepted.\">\n\n\t\t\t\t\t\t<\/div>\n\t\t\t\t\t\t\t\t<div class=\"elementor-field-type-textarea elementor-field-group elementor-column elementor-field-group-field_9cf44e4 elementor-col-100 elementor-field-required elementor-mark-required\">\n\t\t\t\t\t<textarea class=\"elementor-field-textual elementor-field  elementor-size-xs\" name=\"form_fields[field_9cf44e4]\" id=\"form-field-field_9cf44e4\" rows=\"3\" placeholder=\"Message*\" required=\"required\" aria-required=\"true\"><\/textarea>\t\t\t\t<\/div>\n\t\t\t\t\t\t\t\t<div class=\"elementor-field-type-acceptance elementor-field-group elementor-column elementor-field-group-field_9e60c9f elementor-col-100\">\n\t\t\t\t\t\t\t<div class=\"elementor-field-subgroup\">\n\t\t\t<span class=\"elementor-field-option\">\n\t\t\t\t<input type=\"checkbox\" name=\"form_fields[field_9e60c9f]\" id=\"form-field-field_9e60c9f\" class=\"elementor-field elementor-size-xs  elementor-acceptance-field\">\n\t\t\t\t<label for=\"form-field-field_9e60c9f\">I have read and accept the <a href=\"\" style=\"color:black;font-weight:bold\">privacy policy<\/a><\/label>\t\t\t<\/span>\n\t\t<\/div>\n\t\t\t\t\t\t<\/div>\n\t\t\t\t\t\t\t\t<div class=\"elementor-field-type-recaptcha_v3 elementor-field-group elementor-column elementor-field-group-field_e38549c elementor-col-100 recaptcha_v3-bottomright\">\n\t\t\t\t\t<div class=\"elementor-field\" id=\"form-field-field_e38549c\"><div class=\"elementor-g-recaptcha\" data-sitekey=\"6LdqU6UeAAAAAHa2ClI7p1fUgd5Ase909QjuPwjQ\" data-type=\"v3\" data-action=\"Form\" data-badge=\"bottomright\" data-size=\"invisible\"><\/div><\/div>\t\t\t\t<\/div>\n\t\t\t\t\t\t\t\t<div class=\"elementor-field-group elementor-column elementor-field-type-submit elementor-col-25 e-form__buttons\">\n\t\t\t\t\t<button class=\"elementor-button elementor-size-sm\" type=\"submit\">\n\t\t\t\t\t\t<span class=\"elementor-button-content-wrapper\">\n\t\t\t\t\t\t\t\t\t\t\t\t\t\t\t\t\t\t\t\t\t\t<span class=\"elementor-button-text\">SEND<\/span>\n\t\t\t\t\t\t\t\t\t\t\t\t\t<\/span>\n\t\t\t\t\t<\/button>\n\t\t\t\t<\/div>\n\t\t\t<\/div>\n\t\t<\/form>\n\t\t\t\t\t\t<\/div>\n\t\t\t\t<\/div>\n\t\t\t\t\t<\/div>\n\t\t<\/div>\n\t\t\t\t<div class=\"elementor-column elementor-col-50 elementor-inner-column elementor-element elementor-element-967d9fe\" data-id=\"967d9fe\" data-element_type=\"column\" data-settings=\"{&quot;background_background&quot;:&quot;classic&quot;}\">\n\t\t\t<div class=\"elementor-widget-wrap elementor-element-populated\">\n\t\t\t\t\t\t<div class=\"elementor-element elementor-element-7067958 elementor-widget elementor-widget-heading\" data-id=\"7067958\" data-element_type=\"widget\" data-widget_type=\"heading.default\">\n\t\t\t\t<div class=\"elementor-widget-container\">\n\t\t\t\t\t<h2 class=\"elementor-heading-title elementor-size-default\">BODEGAS BARAHONDA<\/h2>\t\t\t\t<\/div>\n\t\t\t\t<\/div>\n\t\t\t\t<div class=\"elementor-element elementor-element-fb85877 elementor-widget elementor-widget-text-editor\" data-id=\"fb85877\" data-element_type=\"widget\" data-widget_type=\"text-editor.default\">\n\t\t\t\t<div class=\"elementor-widget-container\">\n\t\t\t\t\t\t\t\t\t<p>Carretera Pinoso, Km 3<br>30510 Yecla<br>Murcia (Espa\u00f1a)<\/p>\n<p><strong>Shop timetable:<\/strong><\/p>\n<p>Monday to Thursday from 09:00h to 14:00h and from 15:00h to 17:00h.<\/p>\n<p>Friday from 09:00h to 14:00h.<\/p>\t\t\t\t\t\t\t\t<\/div>\n\t\t\t\t<\/div>\n\t\t\t\t<div class=\"elementor-element elementor-element-f127c38 elementor-widget elementor-widget-google_maps\" data-id=\"f127c38\" data-element_type=\"widget\" data-widget_type=\"google_maps.default\">\n\t\t\t\t<div class=\"elementor-widget-container\">\n\t\t\t\t\t\t\t<div class=\"elementor-custom-embed\">\n\t\t\t<iframe loading=\"lazy\"\n\t\t\t\t\tsrc=\"https:\/\/maps.google.com\/maps?q=Bodegas%20Barahonda&#038;t=m&#038;z=12&#038;output=embed&#038;iwloc=near\"\n\t\t\t\t\ttitle=\"Bodegas Barahonda\"\n\t\t\t\t\taria-label=\"Bodegas Barahonda\"\n\t\t\t><\/iframe>\n\t\t<\/div>\n\t\t\t\t\t\t<\/div>\n\t\t\t\t<\/div>\n\t\t\t\t\t<\/div>\n\t\t<\/div>\n\t\t\t\t\t<\/div>\n\t\t<\/section>\n\t\t\t\t\t<\/div>\n\t\t<\/div>\n\t\t\t\t\t<\/div>\n\t\t<\/section>\n\t\t\t\t<\/div>\n\t\t","protected":false},"excerpt":{"rendered":"<p>contact. \u00a1Hello! We are happy to help you, you can call us at 968 71 86 96, write to us at info@barahonda.helloseosem.es or fill out this form. We will contact you as soon as possible: BODEGAS BARAHONDA Carretera Pinoso, Km 330510 YeclaMurcia (Espa\u00f1a) Shop timetable: Monday to Thursday from 09:00h to 14:00h and from 15:00h &#8230; <a title=\"CONTACT\" class=\"read-more\" href=\"https:\/\/reservas-regala.barahonda.com\/en\/contact\/\" aria-label=\"More on CONTACT\">Read more<\/a><\/p>\n","protected":false},"author":1,"featured_media":0,"parent":0,"menu_order":0,"comment_status":"closed","ping_status":"closed","template":"elementor_header_footer","meta":{"footnotes":""},"class_list":["post-26740","page","type-page","status-publish"],"yoast_head":"<!-- This site is optimized with the Yoast SEO plugin v24.3 - https:\/\/yoast.com\/wordpress\/plugins\/seo\/ -->\n<title>CONTACT - Barahonda<\/title>\n<meta name=\"description\" content=\"Descubre la experiencia enotur\u00edstica en Bodegas Barahonda, Yecla. Ofrecemos visitas guiadas por vi\u00f1edos y bodegas, catas de vinos exclusivos y men\u00fas degustaci\u00f3n en nuestro restaurante galardonado con un Sol Repsol. Reserva tu visita y vive el enoturismo en estado puro. - Barahonda\" \/>\n<meta name=\"robots\" content=\"noindex, follow, max-snippet:-1, max-image-preview:large, max-video-preview:-1\" \/>\n<meta property=\"og:locale\" content=\"en_US\" \/>\n<meta property=\"og:type\" content=\"article\" \/>\n<meta property=\"og:title\" content=\"CONTACT - Barahonda\" \/>\n<meta property=\"og:description\" content=\"Descubre la experiencia enotur\u00edstica en Bodegas Barahonda, Yecla. Ofrecemos visitas guiadas por vi\u00f1edos y bodegas, catas de vinos exclusivos y men\u00fas degustaci\u00f3n en nuestro restaurante galardonado con un Sol Repsol. Reserva tu visita y vive el enoturismo en estado puro. - Barahonda\" \/>\n<meta property=\"og:url\" content=\"https:\/\/reservas-regala.barahonda.com\/contacto\/\" \/>\n<meta property=\"og:site_name\" content=\"Barahonda\" \/>\n<meta property=\"article:publisher\" content=\"https:\/\/www.facebook.com\/barahonda\/\" \/>\n<meta property=\"article:modified_time\" content=\"2024-09-03T12:10:57+00:00\" \/>\n<meta name=\"twitter:card\" content=\"summary_large_image\" \/>\n<meta name=\"twitter:site\" content=\"@barahondayecla\" \/>\n<script type=\"application\/ld+json\" class=\"yoast-schema-graph\">{\"@context\":\"https:\/\/schema.org\",\"@graph\":[{\"@type\":\"WebPage\",\"@id\":\"https:\/\/reservas-regala.barahonda.com\/contacto\/\",\"url\":\"https:\/\/reservas-regala.barahonda.com\/contacto\/\",\"name\":\"CONTACT - Barahonda\",\"isPartOf\":{\"@id\":\"https:\/\/reservas-regala.barahonda.com\/#website\"},\"datePublished\":\"2022-02-04T07:20:04+00:00\",\"dateModified\":\"2024-09-03T12:10:57+00:00\",\"description\":\"Descubre la experiencia enotur\u00edstica en Bodegas Barahonda, Yecla. Ofrecemos visitas guiadas por vi\u00f1edos y bodegas, catas de vinos exclusivos y men\u00fas degustaci\u00f3n en nuestro restaurante galardonado con un Sol Repsol. Reserva tu visita y vive el enoturismo en estado puro. - Barahonda\",\"breadcrumb\":{\"@id\":\"https:\/\/reservas-regala.barahonda.com\/contacto\/#breadcrumb\"},\"inLanguage\":\"en-US\",\"potentialAction\":[{\"@type\":\"ReadAction\",\"target\":[\"https:\/\/reservas-regala.barahonda.com\/contacto\/\"]}]},{\"@type\":\"BreadcrumbList\",\"@id\":\"https:\/\/reservas-regala.barahonda.com\/contacto\/#breadcrumb\",\"itemListElement\":[{\"@type\":\"ListItem\",\"position\":1,\"name\":\"Portada\",\"item\":\"https:\/\/reservas-regala.barahonda.com\/en\/\"},{\"@type\":\"ListItem\",\"position\":2,\"name\":\"CONTACT\"}]},{\"@type\":\"WebSite\",\"@id\":\"https:\/\/reservas-regala.barahonda.com\/#website\",\"url\":\"https:\/\/reservas-regala.barahonda.com\/\",\"name\":\"Visita Bodegas Barahonda\",\"description\":\"Bodegas Barahonda elaboraci\u00f3n de vinos en Yecla\",\"publisher\":{\"@id\":\"https:\/\/reservas-regala.barahonda.com\/#organization\"},\"alternateName\":\"Visita Bodegas Barahonda: Enoturismo en Yecla con Catas y Gastronom\u00eda\",\"potentialAction\":[{\"@type\":\"SearchAction\",\"target\":{\"@type\":\"EntryPoint\",\"urlTemplate\":\"https:\/\/reservas-regala.barahonda.com\/?s={search_term_string}\"},\"query-input\":{\"@type\":\"PropertyValueSpecification\",\"valueRequired\":true,\"valueName\":\"search_term_string\"}}],\"inLanguage\":\"en-US\"},{\"@type\":\"Organization\",\"@id\":\"https:\/\/reservas-regala.barahonda.com\/#organization\",\"name\":\"Bodegas Barahonda\",\"url\":\"https:\/\/reservas-regala.barahonda.com\/\",\"logo\":{\"@type\":\"ImageObject\",\"inLanguage\":\"en-US\",\"@id\":\"https:\/\/reservas-regala.barahonda.com\/#\/schema\/logo\/image\/\",\"url\":\"https:\/\/reservas-regala.barahonda.com\/wp-content\/uploads\/2021\/07\/logo-barahonda.svg\",\"contentUrl\":\"https:\/\/reservas-regala.barahonda.com\/wp-content\/uploads\/2021\/07\/logo-barahonda.svg\",\"width\":216,\"height\":138,\"caption\":\"Bodegas Barahonda\"},\"image\":{\"@id\":\"https:\/\/reservas-regala.barahonda.com\/#\/schema\/logo\/image\/\"},\"sameAs\":[\"https:\/\/www.facebook.com\/barahonda\/\",\"https:\/\/x.com\/barahondayecla\"]}]}<\/script>\n<!-- \/ Yoast SEO plugin. -->","yoast_head_json":{"title":"CONTACT - Barahonda","description":"Descubre la experiencia enotur\u00edstica en Bodegas Barahonda, Yecla. Ofrecemos visitas guiadas por vi\u00f1edos y bodegas, catas de vinos exclusivos y men\u00fas degustaci\u00f3n en nuestro restaurante galardonado con un Sol Repsol. Reserva tu visita y vive el enoturismo en estado puro. - Barahonda","robots":{"index":"noindex","follow":"follow","max-snippet":"max-snippet:-1","max-image-preview":"max-image-preview:large","max-video-preview":"max-video-preview:-1"},"og_locale":"en_US","og_type":"article","og_title":"CONTACT - Barahonda","og_description":"Descubre la experiencia enotur\u00edstica en Bodegas Barahonda, Yecla. Ofrecemos visitas guiadas por vi\u00f1edos y bodegas, catas de vinos exclusivos y men\u00fas degustaci\u00f3n en nuestro restaurante galardonado con un Sol Repsol. Reserva tu visita y vive el enoturismo en estado puro. - Barahonda","og_url":"https:\/\/reservas-regala.barahonda.com\/contacto\/","og_site_name":"Barahonda","article_publisher":"https:\/\/www.facebook.com\/barahonda\/","article_modified_time":"2024-09-03T12:10:57+00:00","twitter_card":"summary_large_image","twitter_site":"@barahondayecla","schema":{"@context":"https:\/\/schema.org","@graph":[{"@type":"WebPage","@id":"https:\/\/reservas-regala.barahonda.com\/contacto\/","url":"https:\/\/reservas-regala.barahonda.com\/contacto\/","name":"CONTACT - Barahonda","isPartOf":{"@id":"https:\/\/reservas-regala.barahonda.com\/#website"},"datePublished":"2022-02-04T07:20:04+00:00","dateModified":"2024-09-03T12:10:57+00:00","description":"Descubre la experiencia enotur\u00edstica en Bodegas Barahonda, Yecla. Ofrecemos visitas guiadas por vi\u00f1edos y bodegas, catas de vinos exclusivos y men\u00fas degustaci\u00f3n en nuestro restaurante galardonado con un Sol Repsol. Reserva tu visita y vive el enoturismo en estado puro. - Barahonda","breadcrumb":{"@id":"https:\/\/reservas-regala.barahonda.com\/contacto\/#breadcrumb"},"inLanguage":"en-US","potentialAction":[{"@type":"ReadAction","target":["https:\/\/reservas-regala.barahonda.com\/contacto\/"]}]},{"@type":"BreadcrumbList","@id":"https:\/\/reservas-regala.barahonda.com\/contacto\/#breadcrumb","itemListElement":[{"@type":"ListItem","position":1,"name":"Portada","item":"https:\/\/reservas-regala.barahonda.com\/en\/"},{"@type":"ListItem","position":2,"name":"CONTACT"}]},{"@type":"WebSite","@id":"https:\/\/reservas-regala.barahonda.com\/#website","url":"https:\/\/reservas-regala.barahonda.com\/","name":"Visita Bodegas Barahonda","description":"Bodegas Barahonda elaboraci\u00f3n de vinos en Yecla","publisher":{"@id":"https:\/\/reservas-regala.barahonda.com\/#organization"},"alternateName":"Visita Bodegas Barahonda: Enoturismo en Yecla con Catas y Gastronom\u00eda","potentialAction":[{"@type":"SearchAction","target":{"@type":"EntryPoint","urlTemplate":"https:\/\/reservas-regala.barahonda.com\/?s={search_term_string}"},"query-input":{"@type":"PropertyValueSpecification","valueRequired":true,"valueName":"search_term_string"}}],"inLanguage":"en-US"},{"@type":"Organization","@id":"https:\/\/reservas-regala.barahonda.com\/#organization","name":"Bodegas Barahonda","url":"https:\/\/reservas-regala.barahonda.com\/","logo":{"@type":"ImageObject","inLanguage":"en-US","@id":"https:\/\/reservas-regala.barahonda.com\/#\/schema\/logo\/image\/","url":"https:\/\/reservas-regala.barahonda.com\/wp-content\/uploads\/2021\/07\/logo-barahonda.svg","contentUrl":"https:\/\/reservas-regala.barahonda.com\/wp-content\/uploads\/2021\/07\/logo-barahonda.svg","width":216,"height":138,"caption":"Bodegas Barahonda"},"image":{"@id":"https:\/\/reservas-regala.barahonda.com\/#\/schema\/logo\/image\/"},"sameAs":["https:\/\/www.facebook.com\/barahonda\/","https:\/\/x.com\/barahondayecla"]}]}},"_links":{"self":[{"href":"https:\/\/reservas-regala.barahonda.com\/en\/wp-json\/wp\/v2\/pages\/26740","targetHints":{"allow":["GET"]}}],"collection":[{"href":"https:\/\/reservas-regala.barahonda.com\/en\/wp-json\/wp\/v2\/pages"}],"about":[{"href":"https:\/\/reservas-regala.barahonda.com\/en\/wp-json\/wp\/v2\/types\/page"}],"author":[{"embeddable":true,"href":"https:\/\/reservas-regala.barahonda.com\/en\/wp-json\/wp\/v2\/users\/1"}],"replies":[{"embeddable":true,"href":"https:\/\/reservas-regala.barahonda.com\/en\/wp-json\/wp\/v2\/comments?post=26740"}],"version-history":[{"count":23,"href":"https:\/\/reservas-regala.barahonda.com\/en\/wp-json\/wp\/v2\/pages\/26740\/revisions"}],"predecessor-version":[{"id":30329,"href":"https:\/\/reservas-regala.barahonda.com\/en\/wp-json\/wp\/v2\/pages\/26740\/revisions\/30329"}],"wp:attachment":[{"href":"https:\/\/reservas-regala.barahonda.com\/en\/wp-json\/wp\/v2\/media?parent=26740"}],"curies":[{"name":"wp","href":"https:\/\/api.w.org\/{rel}","templated":true}]}}